{"id":4351,"date":"2024-08-07T17:05:14","date_gmt":"2024-08-07T15:05:14","guid":{"rendered":"https:\/\/www.fndr.gob.bo\/index.php\/lista-servicios-page\/"},"modified":"2025-12-01T10:48:12","modified_gmt":"2025-12-01T14:48:12","slug":"programas-financiamiento","status":"publish","type":"page","link":"https:\/\/www.fndr.gob.bo\/index.php\/programas-financiamiento\/","title":{"rendered":"Servicios"},"content":{"rendered":"\n<h2 class=\"wp-block-heading\">Programas de Financiamiento FNDR<\/h2>\n\n\n\n<p class=\"wp-container-content-69bc4bdf\">VIVIR BIEN&#8230;&#8230;&#8230;&#8230;&#8230;&#8230;&#8230;&#8230;&#8230;&#8230;&#8230;&#8230;&#8230;&#8230;&#8230;&#8230;&#8230;&#8230;&#8230;&#8230;&#8230;&#8230;&#8230;&#8230;&#8230;&#8230;&#8230;&#8230;&#8230;&#8230;&#8230;&#8230;&#8230;&#8230;&#8230;&#8230;&#8230;&#8230;&#8230;&#8230;&#8230;&#8230;&#8230;&#8230;&#8230;&#8230;&#8230;&#8230;&#8230;&#8230;<a href=\"https:\/\/www.fndr.gob.bo\/wp-content\/uploads\/2025\/11\/PROGRAMA-VIVIR-BIEN-1.pdf\" data-type=\"link\" data-id=\"https:\/\/www.fndr.gob.bo\/wp-content\/uploads\/2025\/11\/PROGRAMA-VIVIR-BIEN-1.pdf\" target=\"_blank\" rel=\"noopener noreferrer\">Ver Archivo PDF<img loading=\"lazy\" decoding=\"async\" width=\"25\" height=\"25\" class=\"alignnone size-full wp-image-10727\" src=\"https:\/\/www.fndr.gob.bo\/wp-content\/uploads\/2025\/09\/PDF_file_icon.svg_.png\" alt=\"\"><\/a><\/p>\n\n\n\n<p class=\"wp-container-content-69bc4bdf\">FONDO VIAL&#8230;&#8230;&#8230;&#8230;&#8230;&#8230;&#8230;&#8230;&#8230;&#8230;&#8230;&#8230;&#8230;&#8230;&#8230;&#8230;&#8230;&#8230;&#8230;&#8230;&#8230;&#8230;&#8230;&#8230;&#8230;&#8230;&#8230;&#8230;&#8230;&#8230;&#8230;&#8230;&#8230;&#8230;&#8230;&#8230;&#8230;&#8230;&#8230;&#8230;&#8230;&#8230;&#8230;&#8230;&#8230;&#8230;&#8230;&#8230;..<a href=\"https:\/\/www.fndr.gob.bo\/wp-content\/uploads\/2025\/11\/PROGRAMA-FONDO-VIAL-1.pdf\" data-type=\"link\" data-id=\"https:\/\/www.fndr.gob.bo\/wp-content\/uploads\/2025\/11\/PROGRAMA-FONDO-VIAL-1.pdf\" target=\"_blank\" rel=\"noopener noreferrer\">Ver Archivo PDF<img loading=\"lazy\" decoding=\"async\" width=\"25\" height=\"25\" class=\"alignnone size-full wp-image-10727\" src=\"https:\/\/www.fndr.gob.bo\/wp-content\/uploads\/2025\/09\/PDF_file_icon.svg_.png\" alt=\"\"><\/a><\/p>\n\n\n\n<p class=\"wp-container-content-69bc4bdf\">PROGRAMA DE RECUPERACI\u00d3N DE INVERSI\u00d3N DEL JAP\u00d3N&#8230;&#8230;&#8230;&#8230;&#8230;&#8230;&#8230;&#8230;&#8230;&#8230;.<a href=\"https:\/\/www.fndr.gob.bo\/wp-content\/uploads\/2025\/11\/PROGRAMA-PRIJ-1.pdf\" data-type=\"link\" data-id=\"https:\/\/www.fndr.gob.bo\/wp-content\/uploads\/2025\/11\/PROGRAMA-PRIJ-1.pdf\" target=\"_blank\" rel=\"noopener noreferrer\">Ver Archivo PDF<img loading=\"lazy\" decoding=\"async\" width=\"25\" height=\"25\" class=\"alignnone size-full wp-image-10727\" src=\"https:\/\/www.fndr.gob.bo\/wp-content\/uploads\/2025\/09\/PDF_file_icon.svg_.png\" alt=\"\"><\/a><\/p>\n\n\n\n<p><\/p>\n","protected":false},"excerpt":{"rendered":"<p>Programas de Financiamiento FNDR VIVIR BIEN&#8230;&#8230;&#8230;&#8230;&#8230;&#8230;&#8230;&#8230;&#8230;&#8230;&#8230;&#8230;&#8230;&#8230;&#8230;&#8230;&#8230;&#8230;&#8230;&#8230;&#8230;&#8230;&#8230;&#8230;&#8230;&#8230;&#8230;&#8230;&#8230;&#8230;&#8230;&#8230;&#8230;&#8230;&#8230;&#8230;&#8230;&#8230;&#8230;&#8230;&#8230;&#8230;&#8230;&#8230;&#8230;&#8230;&#8230;&#8230;&#8230;&#8230;Ver Archivo PDF FONDO VIAL&#8230;&#8230;&#8230;&#8230;&#8230;&#8230;&#8230;&#8230;&#8230;&#8230;&#8230;&#8230;&#8230;&#8230;&#8230;&#8230;&#8230;&#8230;&#8230;&#8230;&#8230;&#8230;&#8230;&#8230;&#8230;&#8230;&#8230;&#8230;&#8230;&#8230;&#8230;&#8230;&#8230;&#8230;&#8230;&#8230;&#8230;&#8230;&#8230;&#8230;&#8230;&#8230;&#8230;&#8230;&#8230;&#8230;&#8230;&#8230;..Ver Archivo PDF PROGRAMA DE RECUPERACI\u00d3N DE INVERSI\u00d3N DEL JAP\u00d3N&#8230;&#8230;&#8230;&#8230;&#8230;&#8230;&#8230;&#8230;&#8230;&#8230;.Ver Archivo PDF<\/p>\n","protected":false},"author":16,"featured_media":0,"parent":0,"menu_order":0,"comment_status":"closed","ping_status":"closed","template":"","meta":{"_acf_changed":false,"footnotes":""},"class_list":["post-4351","page","type-page","status-publish","hentry"],"acf":[],"_links":{"self":[{"href":"https:\/\/www.fndr.gob.bo\/index.php\/wp-json\/wp\/v2\/pages\/4351","targetHints":{"allow":["GET"]}}],"collection":[{"href":"https:\/\/www.fndr.gob.bo\/index.php\/wp-json\/wp\/v2\/pages"}],"about":[{"href":"https:\/\/www.fndr.gob.bo\/index.php\/wp-json\/wp\/v2\/types\/page"}],"author":[{"embeddable":true,"href":"https:\/\/www.fndr.gob.bo\/index.php\/wp-json\/wp\/v2\/users\/16"}],"replies":[{"embeddable":true,"href":"https:\/\/www.fndr.gob.bo\/index.php\/wp-json\/wp\/v2\/comments?post=4351"}],"version-history":[{"count":7,"href":"https:\/\/www.fndr.gob.bo\/index.php\/wp-json\/wp\/v2\/pages\/4351\/revisions"}],"predecessor-version":[{"id":18203,"href":"https:\/\/www.fndr.gob.bo\/index.php\/wp-json\/wp\/v2\/pages\/4351\/revisions\/18203"}],"wp:attachment":[{"href":"https:\/\/www.fndr.gob.bo\/index.php\/wp-json\/wp\/v2\/media?parent=4351"}],"curies":[{"name":"wp","href":"https:\/\/api.w.org\/{rel}","templated":true}]}}