{"id":18300,"date":"2025-12-02T10:56:23","date_gmt":"2025-12-02T14:56:23","guid":{"rendered":"https:\/\/www.fndr.gob.bo\/?page_id=18300"},"modified":"2025-12-02T11:00:56","modified_gmt":"2025-12-02T15:00:56","slug":"fideicomisos","status":"publish","type":"page","link":"https:\/\/www.fndr.gob.bo\/index.php\/fideicomisos\/","title":{"rendered":"Fideicomisos"},"content":{"rendered":"\n<table style=\"border-collapse: collapse; width: 100%;\">\n  <thead>\n    <tr style=\"background-color: #999999; color: #ffffff;\">\n      <th style=\"border: 1px solid #000; padding: 8px;\">NOMBRE<\/th>\n      <th style=\"border: 1px solid #000; padding: 8px;\">ESTADO<\/th>\n      <th style=\"border: 1px solid #000; padding: 8px;\">DOCUMENTOS<\/th>\n    <\/tr>\n  <\/thead>\n  <tbody>\n    <tr>\n      <td style=\"border: 1px solid #000; padding: 8px;\">Manual de Procedimientos del Programa de Financiamiento Apoyo Financiero a Gobiernos Aut\u00f3nomos Departamentales y Regionales.<\/td>\n      <td style=\"border: 1px solid #000; padding: 8px;\">Vigente<\/td>\n      <td style=\"border: 1px solid #000; padding: 8px;\"><a href=\"https:\/\/www.fndr.gob.bo\/wp-content\/uploads\/2025\/12\/Manual-de-Procedimientos-del-Programa-de-Financiamiento-Apoyo.pdf\" target=\"_blank\">Ver Archivo Pdf<\/a><\/td>\n    <\/tr>\n    <tr>\n      <td style=\"border: 1px solid #000; padding: 8px;\">Reglamento Operativo Espec\u00edfico del Fideicomiso \u201cApoyo Financiero a Gobiernos Aut\u00f3nomos Departamentales y Regionales &#8211; FAGOBOL\u201d<\/td>\n      <td style=\"border: 1px solid #000; padding: 8px;\">Vigente<\/td>\n      <td style=\"border: 1px solid #000; padding: 8px;\"><a href=\"https:\/\/www.fndr.gob.bo\/wp-content\/uploads\/2025\/12\/REGLAMENTO-OPERATIVO-ESPECIFICO-DEL-FIDEICOMISO.pdf\" target=\"_blank\">Ver Archivo Pdf<\/a><\/td>\n    <\/tr>\n    <tr>\n      <td style=\"border: 1px solid #000; padding: 8px;\">Fideicomisos para Contrapartes Locales para GAD\u2019s y GAM\u2019s<\/td>\n      <td style=\"border: 1px solid #000; padding: 8px;\">Recuperaci\u00f3n de la Inversi\u00f3n<\/td>\n      <td style=\"border: 1px solid #000; padding: 8px;\"><a href=\"https:\/\/www.fndr.gob.bo\/wp-content\/uploads\/2025\/12\/FIDEICOMISO-CONTRAPARTES-LOCALES.pdf\" target=\"_blank\">Ver Archivo Pdf<\/a><\/td>\n    <\/tr>\n    <tr>\n      <td style=\"border: 1px solid #000; padding: 8px;\">Fideicomisos para Accesos Seguros para Vivir Bien<\/td>\n      <td style=\"border: 1px solid #000; padding: 8px;\">En Ejecuci\u00f3n de Desembolso<\/td>\n      <td style=\"border: 1px solid #000; padding: 8px;\"><a href=\"https:\/\/www.fndr.gob.bo\/wp-content\/uploads\/2025\/12\/FIDEICOMISO-ACCESOS-SEGUROS.pdf\" target=\"_blank\">Ver Archivo Pdf<\/a><\/td>\n    <\/tr>\n    <tr>\n      <td style=\"border: 1px solid #000; padding: 8px;\">Fideicomisos para Apoyo a la Ejecuci\u00f3n de la Inversi\u00f3n P\u00fablica<\/td>\n      <td style=\"border: 1px solid #000; padding: 8px;\">Recuperaci\u00f3n de la Inversi\u00f3n<\/td>\n      <td style=\"border: 1px solid #000; padding: 8px;\"><a href=\"https:\/\/www.fndr.gob.bo\/wp-content\/uploads\/2025\/12\/FIDEICOMISO-APOYO-A-LA-EJECUCION-DE-LA-INVERSION-PUBLICA.pdf\" target=\"_blank\">Ver Archivo Pdf<\/a><\/td>\n    <\/tr>\n    <tr>\n      <td style=\"border: 1px solid #000; padding: 8px;\">Fideicomisos para Universidades P\u00fablicas Aut\u00f3nomas<\/td>\n      <td style=\"border: 1px solid #000; padding: 8px;\">En Ejecuci\u00f3n de Desembolso<\/td>\n      <td style=\"border: 1px solid #000; padding: 8px;\"><a href=\"https:\/\/www.fndr.gob.bo\/wp-content\/uploads\/2025\/12\/FIDEICOMISO-UNIVERSIDADES-PUBLICAS-AUTONOMAS.pdf\" target=\"_blank\">Ver Archivo Pdf<\/a><\/td>\n    <\/tr>\n    <tr>\n      <td style=\"border: 1px solid #000; padding: 8px;\">Fideicomisos para Financiamiento \u00abProyectos de Inversi\u00f3n P\u00fablica\u00bb<\/td>\n      <td style=\"border: 1px solid #000; padding: 8px;\">En Ejecuci\u00f3n de Desembolso<\/td>\n      <td style=\"border: 1px solid #000; padding: 8px;\"><a href=\"https:\/\/www.fndr.gob.bo\/wp-content\/uploads\/2025\/12\/FIDEICOMISO-FINANCIAMIENTO-PROYECTOS-DE-INVERSION-PUBLICA.pdf\" target=\"_blank\">Ver Archivo Pdf<\/a><\/td>\n    <\/tr>\n    <tr>\n      <td style=\"border: 1px solid #000; padding: 8px;\">FARIP<\/td>\n      <td style=\"border: 1px solid #000; padding: 8px;\">Vigente<\/td>\n      <td style=\"border: 1px solid #000; padding: 8px;\"><a href=\"https:\/\/www.fndr.gob.bo\/wp-content\/uploads\/2025\/12\/FIDEICOMISO-FARIP.pdf\" target=\"_blank\">Ver Archivo Pdf<\/a><\/td>\n    <\/tr>\n  <\/tbody>\n<\/table>\n\n\n\n<p><\/p>\n","protected":false},"excerpt":{"rendered":"<p>NOMBRE ESTADO DOCUMENTOS Manual de Procedimientos del Programa de Financiamiento Apoyo Financiero a Gobiernos Aut\u00f3nomos Departamentales y Regionales. Vigente Ver Archivo Pdf Reglamento Operativo Espec\u00edfico del Fideicomiso \u201cApoyo Financiero a Gobiernos Aut\u00f3nomos Departamentales y Regionales &#8211; FAGOBOL\u201d Vigente Ver Archivo Pdf Fideicomisos para Contrapartes Locales para GAD\u2019s y GAM\u2019s Recuperaci\u00f3n de la Inversi\u00f3n Ver Archivo [&hellip;]<\/p>\n","protected":false},"author":17,"featured_media":0,"parent":0,"menu_order":0,"comment_status":"closed","ping_status":"closed","template":"","meta":{"_acf_changed":false,"footnotes":""},"class_list":["post-18300","page","type-page","status-publish","hentry"],"acf":[],"_links":{"self":[{"href":"https:\/\/www.fndr.gob.bo\/index.php\/wp-json\/wp\/v2\/pages\/18300","targetHints":{"allow":["GET"]}}],"collection":[{"href":"https:\/\/www.fndr.gob.bo\/index.php\/wp-json\/wp\/v2\/pages"}],"about":[{"href":"https:\/\/www.fndr.gob.bo\/index.php\/wp-json\/wp\/v2\/types\/page"}],"author":[{"embeddable":true,"href":"https:\/\/www.fndr.gob.bo\/index.php\/wp-json\/wp\/v2\/users\/17"}],"replies":[{"embeddable":true,"href":"https:\/\/www.fndr.gob.bo\/index.php\/wp-json\/wp\/v2\/comments?post=18300"}],"version-history":[{"count":3,"href":"https:\/\/www.fndr.gob.bo\/index.php\/wp-json\/wp\/v2\/pages\/18300\/revisions"}],"predecessor-version":[{"id":18313,"href":"https:\/\/www.fndr.gob.bo\/index.php\/wp-json\/wp\/v2\/pages\/18300\/revisions\/18313"}],"wp:attachment":[{"href":"https:\/\/www.fndr.gob.bo\/index.php\/wp-json\/wp\/v2\/media?parent=18300"}],"curies":[{"name":"wp","href":"https:\/\/api.w.org\/{rel}","templated":true}]}}