{"id":17919,"date":"2025-11-27T10:53:06","date_gmt":"2025-11-27T14:53:06","guid":{"rendered":"https:\/\/www.fndr.gob.bo\/?page_id=17919"},"modified":"2025-11-27T10:59:13","modified_gmt":"2025-11-27T14:59:13","slug":"que-financiamos","status":"publish","type":"page","link":"https:\/\/www.fndr.gob.bo\/index.php\/que-financiamos\/","title":{"rendered":"\u00bfQu\u00e9 financiamos?"},"content":{"rendered":"\n<ul class=\"wp-block-list\">\n<li>Proyectos que consideren el uso intensivo de mano de obra en generaci\u00f3n de empleos.<\/li>\n\n\n\n<li>Infraestructura y equipamiento en Salud.<\/li>\n\n\n\n<li>Infraestructura y equipamiento en educaci\u00f3n.<\/li>\n\n\n\n<li>Agua potable.<\/li>\n\n\n\n<li>Alcantarillado.<\/li>\n\n\n\n<li>Energ\u00eda el\u00e9ctrica.<\/li>\n\n\n\n<li>Estudios de dise\u00f1o t\u00e9cnico de pre inversi\u00f3n.<\/li>\n\n\n\n<li>Infraestructura deportiva.<\/li>\n\n\n\n<li>Riego, maquinaria agr\u00edcola.<\/li>\n\n\n\n<li>Proyectos de desarrollo considerados prioritarios por el Estado Plurinacional.<\/li>\n\n\n\n<li>Infraestructura vial, aeroportuaria, hidro v\u00edas.<\/li>\n\n\n\n<li>Telecomunicaciones y tecnolog\u00edas de la informaci\u00f3n.<\/li>\n\n\n\n<li>Mercados, mataderos, plazas, casas de gobierno.<\/li>\n\n\n\n<li>Adquisici\u00f3n de bienes.<\/li>\n\n\n\n<li>Proyectos en ejecuci\u00f3n.<\/li>\n\n\n\n<li>Aportes locales.<\/li>\n\n\n\n<li>Inversi\u00f3n y\/o capital de operaciones para Empresas P\u00fablicas.<\/li>\n\n\n\n<li>Seguridad ciudadana.<\/li>\n<\/ul>\n","protected":false},"excerpt":{"rendered":"","protected":false},"author":17,"featured_media":0,"parent":0,"menu_order":0,"comment_status":"closed","ping_status":"closed","template":"","meta":{"_acf_changed":false,"footnotes":""},"class_list":["post-17919","page","type-page","status-publish","hentry"],"acf":[],"_links":{"self":[{"href":"https:\/\/www.fndr.gob.bo\/index.php\/wp-json\/wp\/v2\/pages\/17919","targetHints":{"allow":["GET"]}}],"collection":[{"href":"https:\/\/www.fndr.gob.bo\/index.php\/wp-json\/wp\/v2\/pages"}],"about":[{"href":"https:\/\/www.fndr.gob.bo\/index.php\/wp-json\/wp\/v2\/types\/page"}],"author":[{"embeddable":true,"href":"https:\/\/www.fndr.gob.bo\/index.php\/wp-json\/wp\/v2\/users\/17"}],"replies":[{"embeddable":true,"href":"https:\/\/www.fndr.gob.bo\/index.php\/wp-json\/wp\/v2\/comments?post=17919"}],"version-history":[{"count":2,"href":"https:\/\/www.fndr.gob.bo\/index.php\/wp-json\/wp\/v2\/pages\/17919\/revisions"}],"predecessor-version":[{"id":17922,"href":"https:\/\/www.fndr.gob.bo\/index.php\/wp-json\/wp\/v2\/pages\/17919\/revisions\/17922"}],"wp:attachment":[{"href":"https:\/\/www.fndr.gob.bo\/index.php\/wp-json\/wp\/v2\/media?parent=17919"}],"curies":[{"name":"wp","href":"https:\/\/api.w.org\/{rel}","templated":true}]}}